{"id":390,"date":"2020-02-17T16:25:33","date_gmt":"2020-02-17T15:25:33","guid":{"rendered":"http:\/\/overthekitchen.de\/?page_id=390"},"modified":"2021-03-16T18:25:26","modified_gmt":"2021-03-16T17:25:26","slug":"was-geschieht-hier","status":"publish","type":"page","link":"https:\/\/overthekitchen.de\/","title":{"rendered":"Ern\u00e4hrung &#8211; (ER)Leben &#8211; Geniessen"},"content":{"rendered":"\n<figure data-carousel-extra='{\"blog_id\":1,\"permalink\":\"https:\\\/\\\/overthekitchen.de\\\/\"}'  class=\"wp-container-2 wp-block-gallery-1 wp-block-gallery columns-1 is-cropped\"><ul class=\"blocks-gallery-grid\"><li class=\"blocks-gallery-item\"><figure><img data-attachment-id=\"1126\" data-permalink=\"https:\/\/overthekitchen.de\/?attachment_id=1126\" data-orig-file=\"https:\/\/i0.wp.com\/overthekitchen.de\/wp-content\/uploads\/2021\/03\/D9A2C39E-06D4-490D-85CF-918B630BF503.jpeg?fit=1638%2C1036&amp;ssl=1\" data-orig-size=\"1638,1036\" data-comments-opened=\"1\" data-image-meta=\"{&quot;aperture&quot;:&quot;0&quot;,&quot;credit&quot;:&quot;&quot;,&quot;camera&quot;:&quot;&quot;,&quot;caption&quot;:&quot;&quot;,&quot;created_timestamp&quot;:&quot;0&quot;,&quot;copyright&quot;:&quot;&quot;,&quot;focal_length&quot;:&quot;0&quot;,&quot;iso&quot;:&quot;0&quot;,&quot;shutter_speed&quot;:&quot;0&quot;,&quot;title&quot;:&quot;&quot;,&quot;orientation&quot;:&quot;1&quot;}\" data-image-title=\"D9A2C39E-06D4-490D-85CF-918B630BF503\" data-image-description=\"\" data-image-caption=\"\" data-medium-file=\"https:\/\/i0.wp.com\/overthekitchen.de\/wp-content\/uploads\/2021\/03\/D9A2C39E-06D4-490D-85CF-918B630BF503.jpeg?fit=300%2C190&amp;ssl=1\" data-large-file=\"https:\/\/i0.wp.com\/overthekitchen.de\/wp-content\/uploads\/2021\/03\/D9A2C39E-06D4-490D-85CF-918B630BF503.jpeg?fit=1000%2C633&amp;ssl=1\" loading=\"lazy\" width=\"1000\" height=\"633\" src=\"https:\/\/i0.wp.com\/overthekitchen.de\/wp-content\/uploads\/2021\/03\/D9A2C39E-06D4-490D-85CF-918B630BF503.jpeg?resize=1000%2C633&#038;ssl=1\" alt=\"\" data-id=\"1126\" data-full-url=\"https:\/\/overthekitchen.de\/wp-content\/uploads\/2021\/03\/D9A2C39E-06D4-490D-85CF-918B630BF503.jpeg\" data-link=\"https:\/\/overthekitchen.de\/?attachment_id=1126\" class=\"wp-image-1126\" srcset=\"https:\/\/i0.wp.com\/overthekitchen.de\/wp-content\/uploads\/2021\/03\/D9A2C39E-06D4-490D-85CF-918B630BF503.jpeg?resize=1024%2C648&amp;ssl=1 1024w, https:\/\/i0.wp.com\/overthekitchen.de\/wp-content\/uploads\/2021\/03\/D9A2C39E-06D4-490D-85CF-918B630BF503.jpeg?resize=300%2C190&amp;ssl=1 300w, https:\/\/i0.wp.com\/overthekitchen.de\/wp-content\/uploads\/2021\/03\/D9A2C39E-06D4-490D-85CF-918B630BF503.jpeg?resize=768%2C486&amp;ssl=1 768w, https:\/\/i0.wp.com\/overthekitchen.de\/wp-content\/uploads\/2021\/03\/D9A2C39E-06D4-490D-85CF-918B630BF503.jpeg?resize=1536%2C971&amp;ssl=1 1536w, https:\/\/i0.wp.com\/overthekitchen.de\/wp-content\/uploads\/2021\/03\/D9A2C39E-06D4-490D-85CF-918B630BF503.jpeg?w=1638&amp;ssl=1 1638w\" sizes=\"(max-width: 1000px) 100vw, 1000px\" data-recalc-dims=\"1\" \/><\/figure><\/li><\/ul><\/figure>\n\n\n\n<p>&#8222;Du bist, was du isst&#8220; oder &#8222;Du isst, was du bist&#8220;. Kommt uns dies bekannt vor? Was aber steckt hinter der bekannten Aussage des deutschen Philosophen Ludwig Feuerbach (1804\u20131872), die bis heute meiner Meinung nach nicht an Bedeutung verloren hat.<\/p>\n\n\n\n<div class=\"slider-wrapper theme-light controlnav-thumbs\"><div class=\"ribbon\"><\/div><div id=\"nivoslider-dsH9h-446\" class=\"nivoSlider\"><img src=\"https:\/\/i0.wp.com\/overthekitchen.de\/wp-content\/uploads\/2020\/02\/AD949837-DC06-4721-B25C-2E4E67008894.jpeg?fit=300%2C200&ssl=1\" data-thumb=\"https:\/\/i0.wp.com\/overthekitchen.de\/wp-content\/uploads\/2020\/02\/AD949837-DC06-4721-B25C-2E4E67008894.jpeg?resize=150%2C150&ssl=1\" alt=\"\" \/><img src=\"https:\/\/i0.wp.com\/overthekitchen.de\/wp-content\/uploads\/2020\/02\/5D67A353-CF2E-47BA-849E-EEC2B4CF4256.jpeg?fit=300%2C200&ssl=1\" data-thumb=\"https:\/\/i0.wp.com\/overthekitchen.de\/wp-content\/uploads\/2020\/02\/5D67A353-CF2E-47BA-849E-EEC2B4CF4256.jpeg?resize=150%2C150&ssl=1\" alt=\"\" \/><img src=\"https:\/\/i0.wp.com\/overthekitchen.de\/wp-content\/uploads\/2020\/02\/6AB4BEEA-F063-4673-A497-354647964DD6.jpeg?fit=300%2C200&ssl=1\" data-thumb=\"https:\/\/i0.wp.com\/overthekitchen.de\/wp-content\/uploads\/2020\/02\/6AB4BEEA-F063-4673-A497-354647964DD6.jpeg?resize=150%2C150&ssl=1\" alt=\"\" \/><img src=\"https:\/\/i0.wp.com\/overthekitchen.de\/wp-content\/uploads\/2020\/02\/FA05066D-7655-42CB-BC5B-C254FA6084A7.jpeg?fit=300%2C200&ssl=1\" data-thumb=\"https:\/\/i0.wp.com\/overthekitchen.de\/wp-content\/uploads\/2020\/02\/FA05066D-7655-42CB-BC5B-C254FA6084A7.jpeg?resize=150%2C150&ssl=1\" alt=\"\" \/><img src=\"https:\/\/i0.wp.com\/overthekitchen.de\/wp-content\/uploads\/2020\/02\/D4BC51F7-FE8A-4A0F-9C68-289D98B15937.jpeg?fit=300%2C200&ssl=1\" title=\"#nivoslider-dsH9h-446-caption-0\" data-thumb=\"https:\/\/i0.wp.com\/overthekitchen.de\/wp-content\/uploads\/2020\/02\/D4BC51F7-FE8A-4A0F-9C68-289D98B15937.jpeg?resize=150%2C150&ssl=1\" alt=\"\" \/><img src=\"https:\/\/i0.wp.com\/overthekitchen.de\/wp-content\/uploads\/2020\/02\/A50F27AE-CEEC-47AA-BAD8-51889C3577DD.jpeg?fit=300%2C200&ssl=1\" data-thumb=\"https:\/\/i0.wp.com\/overthekitchen.de\/wp-content\/uploads\/2020\/02\/A50F27AE-CEEC-47AA-BAD8-51889C3577DD.jpeg?resize=150%2C150&ssl=1\" alt=\"\" \/><\/div><\/div><style type='text\/css' media='screen'> \n.theme-default .nivo-controlNav.nivo-thumbs-enabled img, \n.nivo-thumbs-enabled img { \n\twidth: 70px !important; \n\theight: 50px !important; \n} \n<\/style> \n<div id=\"nivoslider-dsH9h-446-caption-0\" class=\"nivo-html-caption\">Stachelbeere<\/div><script type=\"text\/javascript\">\nwindow.onload = function(){\n    jQuery(\"#nivoslider-dsH9h-446\").nivoSlider({\n        effect:\"fade\",\n        slices:15,\n        boxCols:8,\n        boxRows:4,\n        animSpeed:500,\n        pauseTime:3000,\n        startSlide:2,\n        directionNav:false,\n        controlNav:false,\n        controlNavThumbs:true,\n        pauseOnHover:true,\n        manualAdvance:false\n    });\n};\n<\/script>\n\n\n\n\n<blockquote class=\"wp-block-quote has-text-align-center\"><p><strong>Du bist was du isst &#8211; du isst was du bist<\/strong>.<\/p><cite>basierend auf der Aussage aus dem Jahr 1850&nbsp;des deutschen Philosophen Ludwig Feuerbach \u201eDer Mensch ist, was er isst\u201c, was wiederum eine Entprechung zur asiatischen Weisheit &#8222;Die Ern\u00e4hrung ist die Grundlage der Gesundheit.&#8220; ist<\/cite><\/blockquote>\n\n\n\n<p>Du bist, was du isst! Genau darum geht es. Du bist, heisst nichts anderes, als Du isst das, was Dir bewusst ist. K\u00f6nnt ihr mir folgen? Ich behaupte, egal, nach welchem Ern\u00e4hrungskonzept man lebt, egal, f\u00fcr welches Ern\u00e4hrungskonzept man sich entschieden hat, das Bewusstsein&nbsp;dar\u00fcber, vor allem, mit welchem Ziel du es verfolgst, ist entscheidend.<\/p>\n","protected":false},"excerpt":{"rendered":"<p>&#8222;Du bist, was du isst&#8220; oder &#8222;Du isst, was du bist&#8220;. Kommt uns dies bekannt vor? Was aber steckt hinter der bekannten Aussage des deutschen Philosophen Ludwig Feuerbach (1804\u20131872), die bis heute meiner Meinung nach nicht an Bedeutung verloren hat. Du bist was du isst &#8211; du isst was du bist. basierend auf der Aussage&#8230; <\/p>\n<div class=\"link-more\"><a href=\"https:\/\/overthekitchen.de\/\">Weiterlesen<\/a><\/div>\n","protected":false},"author":1,"featured_media":0,"parent":0,"menu_order":0,"comment_status":"closed","ping_status":"closed","template":"","meta":{"jetpack_post_was_ever_published":false},"jetpack_sharing_enabled":true,"jetpack_shortlink":"https:\/\/wp.me\/PaPlv3-6i","_links":{"self":[{"href":"https:\/\/overthekitchen.de\/index.php?rest_route=\/wp\/v2\/pages\/390"}],"collection":[{"href":"https:\/\/overthekitchen.de\/index.php?rest_route=\/wp\/v2\/pages"}],"about":[{"href":"https:\/\/overthekitchen.de\/index.php?rest_route=\/wp\/v2\/types\/page"}],"author":[{"embeddable":true,"href":"https:\/\/overthekitchen.de\/index.php?rest_route=\/wp\/v2\/users\/1"}],"replies":[{"embeddable":true,"href":"https:\/\/overthekitchen.de\/index.php?rest_route=%2Fwp%2Fv2%2Fcomments&post=390"}],"version-history":[{"count":30,"href":"https:\/\/overthekitchen.de\/index.php?rest_route=\/wp\/v2\/pages\/390\/revisions"}],"predecessor-version":[{"id":1132,"href":"https:\/\/overthekitchen.de\/index.php?rest_route=\/wp\/v2\/pages\/390\/revisions\/1132"}],"wp:attachment":[{"href":"https:\/\/overthekitchen.de\/index.php?rest_route=%2Fwp%2Fv2%2Fmedia&parent=390"}],"curies":[{"name":"wp","href":"https:\/\/api.w.org\/{rel}","templated":true}]}}